{"id":702,"date":"2024-11-26T11:52:12","date_gmt":"2024-11-26T10:52:12","guid":{"rendered":"https:\/\/sportwagenmarbella.com\/cookies-policy\/"},"modified":"2024-12-05T08:24:44","modified_gmt":"2024-12-05T07:24:44","slug":"politica-de-cookies","status":"publish","type":"page","link":"https:\/\/sportwagenmarbella.com\/es\/politica-de-cookies\/","title":{"rendered":"Pol\u00edtica de Cookies"},"content":{"rendered":"\n<div class=\"wp-block-group container\"><div class=\"wp-block-group__inner-container is-layout-constrained wp-block-group-is-layout-constrained\"><h2 class=\"wp-block-post-title\">Pol\u00edtica de Cookies<\/h2>\n\n\n<p>Nuestro sitio web utiliza cookies para mejorar la experiencia del usuario y ofrecer servicios de acuerdo con tus preferencias. Las cookies son peque\u00f1os archivos de datos que se almacenan en tu dispositivo cuando visitas un sitio web. Usamos estas cookies para analizar el tr\u00e1fico web, recordar tus preferencias y mejorar nuestros servicios. Tienes la opci\u00f3n de aceptar o rechazar las cookies mediante la configuraci\u00f3n de tu navegador. Sin embargo, si decides desactivarlas, es posible que algunas funciones de nuestro sitio no est\u00e9n disponibles para ti.<br><\/p>\n<\/div><\/div>\n","protected":false},"excerpt":{"rendered":"<p>Nuestro sitio web utiliza cookies para mejorar la experiencia del usuario y ofrecer servicios de acuerdo con tus preferencias. Las cookies son peque\u00f1os archivos de datos que se almacenan en tu dispositivo cuando visitas un&#8230;<\/p>\n","protected":false},"author":1,"featured_media":0,"parent":0,"menu_order":0,"comment_status":"closed","ping_status":"closed","template":"legal.php","meta":{"inline_featured_image":false,"footnotes":""},"class_list":["post-702","page","type-page","status-publish","hentry"],"yoast_head":"<!-- This site is optimized with the Yoast SEO plugin v27.6 - https:\/\/yoast.com\/product\/yoast-seo-wordpress\/ -->\n<title>Pol\u00edtica de Cookies | Sportwagen Marbella<\/title>\n<meta name=\"robots\" content=\"index, follow, max-snippet:-1, max-image-preview:large, max-video-preview:-1\" \/>\n<link rel=\"canonical\" href=\"https:\/\/sportwagenmarbella.com\/es\/politica-de-cookies\/\" \/>\n<meta property=\"og:locale\" content=\"es_ES\" \/>\n<meta property=\"og:type\" content=\"article\" \/>\n<meta property=\"og:title\" content=\"Pol\u00edtica de Cookies | Sportwagen Marbella\" \/>\n<meta property=\"og:description\" content=\"Nuestro sitio web utiliza cookies para mejorar la experiencia del usuario y ofrecer servicios de acuerdo con tus preferencias. Las cookies son peque\u00f1os archivos de datos que se almacenan en tu dispositivo cuando visitas un...\" \/>\n<meta property=\"og:url\" content=\"https:\/\/sportwagenmarbella.com\/es\/politica-de-cookies\/\" \/>\n<meta property=\"og:site_name\" content=\"Sportwagen Marbella\" \/>\n<meta property=\"article:publisher\" content=\"https:\/\/www.facebook.com\/SportwagenMarbella\/\" \/>\n<meta property=\"article:modified_time\" content=\"2024-12-05T07:24:44+00:00\" \/>\n<meta property=\"og:image\" content=\"https:\/\/sportwagenmarbella.com\/wp-content\/uploads\/2024\/11\/image-test.jpg\" \/>\n\t<meta property=\"og:image:width\" content=\"1760\" \/>\n\t<meta property=\"og:image:height\" content=\"917\" \/>\n\t<meta property=\"og:image:type\" content=\"image\/jpeg\" \/>\n<meta name=\"twitter:card\" content=\"summary_large_image\" \/>\n<meta name=\"twitter:label1\" content=\"Tiempo de lectura\" \/>\n\t<meta name=\"twitter:data1\" content=\"1 minuto\" \/>\n<script type=\"application\/ld+json\" class=\"yoast-schema-graph\">{\"@context\":\"https:\\\/\\\/schema.org\",\"@graph\":[{\"@type\":\"WebPage\",\"@id\":\"https:\\\/\\\/sportwagenmarbella.com\\\/es\\\/politica-de-cookies\\\/\",\"url\":\"https:\\\/\\\/sportwagenmarbella.com\\\/es\\\/politica-de-cookies\\\/\",\"name\":\"Pol\u00edtica de Cookies | Sportwagen Marbella\",\"isPartOf\":{\"@id\":\"https:\\\/\\\/sportwagenmarbella.com\\\/es\\\/#website\"},\"datePublished\":\"2024-11-26T10:52:12+00:00\",\"dateModified\":\"2024-12-05T07:24:44+00:00\",\"breadcrumb\":{\"@id\":\"https:\\\/\\\/sportwagenmarbella.com\\\/es\\\/politica-de-cookies\\\/#breadcrumb\"},\"inLanguage\":\"es\",\"potentialAction\":[{\"@type\":\"ReadAction\",\"target\":[\"https:\\\/\\\/sportwagenmarbella.com\\\/es\\\/politica-de-cookies\\\/\"]}]},{\"@type\":\"BreadcrumbList\",\"@id\":\"https:\\\/\\\/sportwagenmarbella.com\\\/es\\\/politica-de-cookies\\\/#breadcrumb\",\"itemListElement\":[{\"@type\":\"ListItem\",\"position\":1,\"name\":\"Home\",\"item\":\"https:\\\/\\\/sportwagenmarbella.com\\\/es\\\/\"},{\"@type\":\"ListItem\",\"position\":2,\"name\":\"Pol\u00edtica de Cookies\"}]},{\"@type\":\"WebSite\",\"@id\":\"https:\\\/\\\/sportwagenmarbella.com\\\/es\\\/#website\",\"url\":\"https:\\\/\\\/sportwagenmarbella.com\\\/es\\\/\",\"name\":\"Sportwagen Marbella\",\"description\":\"Porsche Specialists\",\"publisher\":{\"@id\":\"https:\\\/\\\/sportwagenmarbella.com\\\/es\\\/#organization\"},\"alternateName\":\"Sportwagen Marbella\",\"potentialAction\":[{\"@type\":\"SearchAction\",\"target\":{\"@type\":\"EntryPoint\",\"urlTemplate\":\"https:\\\/\\\/sportwagenmarbella.com\\\/es\\\/?s={search_term_string}\"},\"query-input\":{\"@type\":\"PropertyValueSpecification\",\"valueRequired\":true,\"valueName\":\"search_term_string\"}}],\"inLanguage\":\"es\"},{\"@type\":\"Organization\",\"@id\":\"https:\\\/\\\/sportwagenmarbella.com\\\/es\\\/#organization\",\"name\":\"Sportwagen Marbella\",\"alternateName\":\"Sportwagen Marbella\",\"url\":\"https:\\\/\\\/sportwagenmarbella.com\\\/es\\\/\",\"logo\":{\"@type\":\"ImageObject\",\"inLanguage\":\"es\",\"@id\":\"https:\\\/\\\/sportwagenmarbella.com\\\/es\\\/#\\\/schema\\\/logo\\\/image\\\/\",\"url\":\"https:\\\/\\\/sportwagenmarbella.com\\\/wp-content\\\/uploads\\\/2025\\\/01\\\/logo-sportwagenmarbella.png\",\"contentUrl\":\"https:\\\/\\\/sportwagenmarbella.com\\\/wp-content\\\/uploads\\\/2025\\\/01\\\/logo-sportwagenmarbella.png\",\"width\":1920,\"height\":1920,\"caption\":\"Sportwagen Marbella\"},\"image\":{\"@id\":\"https:\\\/\\\/sportwagenmarbella.com\\\/es\\\/#\\\/schema\\\/logo\\\/image\\\/\"},\"sameAs\":[\"https:\\\/\\\/www.facebook.com\\\/SportwagenMarbella\\\/\",\"https:\\\/\\\/www.instagram.com\\\/sportwagenmarbella\"]}]}<\/script>\n<!-- \/ Yoast SEO plugin. -->","yoast_head_json":{"title":"Pol\u00edtica de Cookies | Sportwagen Marbella","robots":{"index":"index","follow":"follow","max-snippet":"max-snippet:-1","max-image-preview":"max-image-preview:large","max-video-preview":"max-video-preview:-1"},"canonical":"https:\/\/sportwagenmarbella.com\/es\/politica-de-cookies\/","og_locale":"es_ES","og_type":"article","og_title":"Pol\u00edtica de Cookies | Sportwagen Marbella","og_description":"Nuestro sitio web utiliza cookies para mejorar la experiencia del usuario y ofrecer servicios de acuerdo con tus preferencias. Las cookies son peque\u00f1os archivos de datos que se almacenan en tu dispositivo cuando visitas un...","og_url":"https:\/\/sportwagenmarbella.com\/es\/politica-de-cookies\/","og_site_name":"Sportwagen Marbella","article_publisher":"https:\/\/www.facebook.com\/SportwagenMarbella\/","article_modified_time":"2024-12-05T07:24:44+00:00","og_image":[{"width":1760,"height":917,"url":"https:\/\/sportwagenmarbella.com\/wp-content\/uploads\/2024\/11\/image-test.jpg","type":"image\/jpeg"}],"twitter_card":"summary_large_image","twitter_misc":{"Tiempo de lectura":"1 minuto"},"schema":{"@context":"https:\/\/schema.org","@graph":[{"@type":"WebPage","@id":"https:\/\/sportwagenmarbella.com\/es\/politica-de-cookies\/","url":"https:\/\/sportwagenmarbella.com\/es\/politica-de-cookies\/","name":"Pol\u00edtica de Cookies | Sportwagen Marbella","isPartOf":{"@id":"https:\/\/sportwagenmarbella.com\/es\/#website"},"datePublished":"2024-11-26T10:52:12+00:00","dateModified":"2024-12-05T07:24:44+00:00","breadcrumb":{"@id":"https:\/\/sportwagenmarbella.com\/es\/politica-de-cookies\/#breadcrumb"},"inLanguage":"es","potentialAction":[{"@type":"ReadAction","target":["https:\/\/sportwagenmarbella.com\/es\/politica-de-cookies\/"]}]},{"@type":"BreadcrumbList","@id":"https:\/\/sportwagenmarbella.com\/es\/politica-de-cookies\/#breadcrumb","itemListElement":[{"@type":"ListItem","position":1,"name":"Home","item":"https:\/\/sportwagenmarbella.com\/es\/"},{"@type":"ListItem","position":2,"name":"Pol\u00edtica de Cookies"}]},{"@type":"WebSite","@id":"https:\/\/sportwagenmarbella.com\/es\/#website","url":"https:\/\/sportwagenmarbella.com\/es\/","name":"Sportwagen Marbella","description":"Porsche Specialists","publisher":{"@id":"https:\/\/sportwagenmarbella.com\/es\/#organization"},"alternateName":"Sportwagen Marbella","potentialAction":[{"@type":"SearchAction","target":{"@type":"EntryPoint","urlTemplate":"https:\/\/sportwagenmarbella.com\/es\/?s={search_term_string}"},"query-input":{"@type":"PropertyValueSpecification","valueRequired":true,"valueName":"search_term_string"}}],"inLanguage":"es"},{"@type":"Organization","@id":"https:\/\/sportwagenmarbella.com\/es\/#organization","name":"Sportwagen Marbella","alternateName":"Sportwagen Marbella","url":"https:\/\/sportwagenmarbella.com\/es\/","logo":{"@type":"ImageObject","inLanguage":"es","@id":"https:\/\/sportwagenmarbella.com\/es\/#\/schema\/logo\/image\/","url":"https:\/\/sportwagenmarbella.com\/wp-content\/uploads\/2025\/01\/logo-sportwagenmarbella.png","contentUrl":"https:\/\/sportwagenmarbella.com\/wp-content\/uploads\/2025\/01\/logo-sportwagenmarbella.png","width":1920,"height":1920,"caption":"Sportwagen Marbella"},"image":{"@id":"https:\/\/sportwagenmarbella.com\/es\/#\/schema\/logo\/image\/"},"sameAs":["https:\/\/www.facebook.com\/SportwagenMarbella\/","https:\/\/www.instagram.com\/sportwagenmarbella"]}]}},"_links":{"self":[{"href":"https:\/\/sportwagenmarbella.com\/es\/wp-json\/wp\/v2\/pages\/702","targetHints":{"allow":["GET"]}}],"collection":[{"href":"https:\/\/sportwagenmarbella.com\/es\/wp-json\/wp\/v2\/pages"}],"about":[{"href":"https:\/\/sportwagenmarbella.com\/es\/wp-json\/wp\/v2\/types\/page"}],"author":[{"embeddable":true,"href":"https:\/\/sportwagenmarbella.com\/es\/wp-json\/wp\/v2\/users\/1"}],"replies":[{"embeddable":true,"href":"https:\/\/sportwagenmarbella.com\/es\/wp-json\/wp\/v2\/comments?post=702"}],"version-history":[{"count":1,"href":"https:\/\/sportwagenmarbella.com\/es\/wp-json\/wp\/v2\/pages\/702\/revisions"}],"predecessor-version":[{"id":724,"href":"https:\/\/sportwagenmarbella.com\/es\/wp-json\/wp\/v2\/pages\/702\/revisions\/724"}],"wp:attachment":[{"href":"https:\/\/sportwagenmarbella.com\/es\/wp-json\/wp\/v2\/media?parent=702"}],"curies":[{"name":"wp","href":"https:\/\/api.w.org\/{rel}","templated":true}]}}